{"id":1009,"date":"2012-08-29T12:33:24","date_gmt":"2012-08-29T10:33:24","guid":{"rendered":"http:\/\/www.sofort-kredit.net\/?page_id=1009"},"modified":"2017-05-23T12:10:28","modified_gmt":"2017-05-23T10:10:28","slug":"fuer-die-hochzeit","status":"publish","type":"page","link":"http:\/\/www.dr-staedtler.de\/sofort-kredit\/arten\/fuer-die-hochzeit","title":{"rendered":"Kredit f\u00fcr Hochzeit"},"content":{"rendered":"<p>Die eigene Hochzeit ist ein unvergesslicher Anlass, der nat\u00fcrlich honorierend vollzogen werden muss. Die G\u00e4ste m\u00fcssen zufrieden gestellt werden, es muss viel organisiert werden und Kosten m\u00fcssen getragen werden. Die <strong>Aufnahme eines<\/strong> <strong>Sofortkredites<\/strong> kann im Notfall helfen.<br \/>\n<script defer=\"\" async=\"\" data-affiliateid=\"9e1fdf7f\" data-placementid=\"783582278\" data-amount=\"5000\" data-category=\"\" data-duration=\"84\" src=\"https:\/\/www.smava.de\/pp\/smava-kreditvergleich\/main.js\"><\/script><br \/>\n<img loading=\"lazy\" decoding=\"async\" class=\"alignleft size-medium wp-image-1190\" style=\"margin-right: 10px; margin-bottom: 8px; border: 1px solid grey;\" title=\"Finanzierung der eigenen Hochzeit\" src=\"http:\/\/www.dr-staedtler.de\/sofort-kredit\/wp-content\/uploads\/2012\/08\/hochzeit-300x200.jpg\" alt=\"Finanzierung der eigenen Hochzeit\" width=\"300\" height=\"200\" srcset=\"http:\/\/www.dr-staedtler.de\/sofort-kredit\/wp-content\/uploads\/2012\/08\/hochzeit-300x200.jpg 300w, http:\/\/www.dr-staedtler.de\/sofort-kredit\/wp-content\/uploads\/2012\/08\/hochzeit.jpg 424w\" sizes=\"auto, (max-width: 300px) 100vw, 300px\" \/>Die <strong>Kosten f\u00fcr eine Hochzeit<\/strong> sind vielf\u00e4ltig. Der eine mag es bescheiden unter der andere m\u00f6chte in einer gewaltigen Kirche mit viel Glamour und Luxus feiern. Verst\u00e4ndlich, da eine Hochzeit einen Bund beschreibt, der f\u00fcr die Ewigkeit ist. Ob nun die Silberhochzeit nach 25 Jahren oder die goldene Hochzeit nach 50 Jahren gefeiert wird,<strong> jede Hochzeit<\/strong> muss entsprechend honoriert werden. Die Ausgaben sind dabei unterschiedlich. Im Regelfall sind es die K\u00fcnstler, die Mietpreise f\u00fcr R\u00e4umlichkeiten, das Hochzeitskleid und der Catering-Service, was unglaublich <strong>viel Geld kosten.<\/strong> Es wird erstklassige Qualit\u00e4t verlangt und Qualit\u00e4t hat eben ihren Preis. Niemand m\u00f6chte bei der Hochzeitsplanung den Hochzeitsg\u00e4sten auf der Tasche liegen\u00a0 oder die Qualit\u00e4t der Feier aus Finanzgr\u00fcnden mindern. Daher lohnt sich ein <strong>Kredit<\/strong> der an keinen Verwendungszweck gebunden ist. Geeignet ist beispielsweise ein <strong>Privatkredit<\/strong>, genauso wie ein <strong>Sofortkredit.<\/strong><\/p>\n<h2>Warum diese beiden Kreditvarianten?<\/h2>\n<p>Der <strong>Privatkredit<\/strong> ist genauso wie der <strong>Sofortkredit f\u00fcr die Hochzeit<\/strong> an keinen Verwendungszweck gebunden. Also die wichtigste Voraussetzung, da der Verwendungszweck selbst oft eine Vorraussetzung f\u00fcr die <strong>Aufnahme eines Kredites<\/strong> ist. Der Privatkredit erm\u00f6glicht \u00e4u\u00dferst <strong>gute Zinss\u00e4tze<\/strong> und erstklassige Konditionen. Der <strong>Sofortkredit<\/strong> kann dagegen innerhalb von wenigen Tagen aufgenommen werden. Dabei ist nat\u00fcrlich die Frage bedeutend, <strong>welche Kreditvariante<\/strong> f\u00fcr welchen Zweck richtig ist? Eine Frage, die sich jedoch leicht beantworten l\u00e4sst. Wird mit einer gr\u00f6\u00dferen Geldsumme gearbeitet, dann ist er <strong>Sofortkredit<\/strong> besser geeignet. Wird <a href=\"http:\/\/www.dr-staedtler.de\/sofort-kredit\">eine kleinere Summe ben\u00f6tigt<\/a>, dann lohnt sich der Privatkredit. Wird das Geld innerhalb von einem Monat ben\u00f6tigt, dann reicht ein Privatkredit, wobei in Notf\u00e4llen der Sofortkredit ideal ist.<\/p>\n<h3>Verschiedene Kreditanbieter: wie kann der g\u00fcnstigste Kredit gefunden werden?<\/h3>\n<p>Die Auswahl unterschiedlicher <strong>Kreditanbieter<\/strong> ist vielf\u00e4ltig. Gleichzeitig muss bedacht werden, dass jeder Anbieter andere Vorstellungen hat. Der eine bietet nur variable Zinss\u00e4tze, der andere setzt eine Restschuldversicherung voraus und andere Kreditanbieter bieten wiederum keine <strong>Sondertilgungen<\/strong>. Daher sollte unabh\u00e4ngig vom Zinssatz erst einmal auf das Gesamtpaket geschaut werden. Wurde ein passendes Paket gefunden, dann <a href=\"http:\/\/www.dr-staedtler.de\/sofort-kredit\">gilt es nach diesen Kriterien einen Vergleich durchzuf\u00fchren<\/a>. Der Vergleich sorgt daf\u00fcr, dass ein <strong>geeigneter Privatkredit<\/strong> gefunden werden kann, der f\u00fcr die eigenen Anspr\u00fcche optimal ist. So kann eine Hochzeit ohne finanzielle Probleme genossen werden.<\/p>\n","protected":false},"excerpt":{"rendered":"<p>Die eigene Hochzeit ist ein unvergesslicher Anlass, der nat\u00fcrlich honorierend vollzogen werden muss. Die G\u00e4ste m\u00fcssen zufrieden gestellt werden, es muss viel organisiert werden und Kosten m\u00fcssen getragen werden. Die Aufnahme eines Sofortkredites kann im Notfall helfen. Die Kosten f\u00fcr eine Hochzeit sind vielf\u00e4ltig. Der eine mag es bescheiden unter der andere m\u00f6chte in einer [&hellip;]<\/p>\n","protected":false},"author":2,"featured_media":0,"parent":1081,"menu_order":0,"comment_status":"closed","ping_status":"open","template":"templates\/sidebar-right.php","meta":{"footnotes":""},"class_list":["post-1009","page","type-page","status-publish","hentry"],"yoast_head":"<!-- This site is optimized with the Yoast SEO plugin v24.6 - https:\/\/yoast.com\/wordpress\/plugins\/seo\/ -->\n<title>Kredit f\u00fcr Hochzeit - Jetzt vergleichen und beantragen<\/title>\n<meta name=\"description\" content=\"Kredit f\u00fcr Hochzeit: Die eigene Hochzeit soll geb\u00fchren gefeiert werden, wie finanziert man ein solches Fest?\" \/>\n<meta name=\"robots\" content=\"index, follow, max-snippet:-1, max-image-preview:large, max-video-preview:-1\" \/>\n<link rel=\"canonical\" href=\"https:\/\/www.dr-staedtler.de\/sofort-kredit\/arten\/fuer-die-hochzeit\" \/>\n<meta property=\"og:locale\" content=\"de_DE\" \/>\n<meta property=\"og:type\" content=\"article\" \/>\n<meta property=\"og:title\" content=\"Kredit f\u00fcr Hochzeit - Jetzt vergleichen und beantragen\" \/>\n<meta property=\"og:description\" content=\"Kredit f\u00fcr Hochzeit: Die eigene Hochzeit soll geb\u00fchren gefeiert werden, wie finanziert man ein solches Fest?\" \/>\n<meta property=\"og:url\" content=\"https:\/\/www.dr-staedtler.de\/sofort-kredit\/arten\/fuer-die-hochzeit\" \/>\n<meta property=\"og:site_name\" content=\"Sofortkredit\" \/>\n<meta property=\"article:modified_time\" content=\"2017-05-23T10:10:28+00:00\" \/>\n<meta property=\"og:image\" content=\"http:\/\/www.dr-staedtler.de\/sofort-kredit\/wp-content\/uploads\/2012\/08\/hochzeit-300x200.jpg\" \/>\n<meta name=\"twitter:card\" content=\"summary_large_image\" \/>\n<meta name=\"twitter:label1\" content=\"Gesch\u00e4tzte Lesezeit\" \/>\n\t<meta name=\"twitter:data1\" content=\"2\u00a0Minuten\" \/>\n<script type=\"application\/ld+json\" class=\"yoast-schema-graph\">{\"@context\":\"https:\/\/schema.org\",\"@graph\":[{\"@type\":\"WebPage\",\"@id\":\"https:\/\/www.dr-staedtler.de\/sofort-kredit\/arten\/fuer-die-hochzeit\",\"url\":\"https:\/\/www.dr-staedtler.de\/sofort-kredit\/arten\/fuer-die-hochzeit\",\"name\":\"Kredit f\u00fcr Hochzeit - Jetzt vergleichen und beantragen\",\"isPartOf\":{\"@id\":\"http:\/\/www.dr-staedtler.de\/sofort-kredit\/#website\"},\"primaryImageOfPage\":{\"@id\":\"https:\/\/www.dr-staedtler.de\/sofort-kredit\/arten\/fuer-die-hochzeit#primaryimage\"},\"image\":{\"@id\":\"https:\/\/www.dr-staedtler.de\/sofort-kredit\/arten\/fuer-die-hochzeit#primaryimage\"},\"thumbnailUrl\":\"http:\/\/www.dr-staedtler.de\/sofort-kredit\/wp-content\/uploads\/2012\/08\/hochzeit-300x200.jpg\",\"datePublished\":\"2012-08-29T10:33:24+00:00\",\"dateModified\":\"2017-05-23T10:10:28+00:00\",\"description\":\"Kredit f\u00fcr Hochzeit: Die eigene Hochzeit soll geb\u00fchren gefeiert werden, wie finanziert man ein solches Fest?\",\"breadcrumb\":{\"@id\":\"https:\/\/www.dr-staedtler.de\/sofort-kredit\/arten\/fuer-die-hochzeit#breadcrumb\"},\"inLanguage\":\"de\",\"potentialAction\":[{\"@type\":\"ReadAction\",\"target\":[\"https:\/\/www.dr-staedtler.de\/sofort-kredit\/arten\/fuer-die-hochzeit\"]}]},{\"@type\":\"ImageObject\",\"inLanguage\":\"de\",\"@id\":\"https:\/\/www.dr-staedtler.de\/sofort-kredit\/arten\/fuer-die-hochzeit#primaryimage\",\"url\":\"http:\/\/www.dr-staedtler.de\/sofort-kredit\/wp-content\/uploads\/2012\/08\/hochzeit.jpg\",\"contentUrl\":\"http:\/\/www.dr-staedtler.de\/sofort-kredit\/wp-content\/uploads\/2012\/08\/hochzeit.jpg\",\"width\":\"424\",\"height\":\"283\",\"caption\":\"Finanzierung der eigenen Hochzeit\"},{\"@type\":\"BreadcrumbList\",\"@id\":\"https:\/\/www.dr-staedtler.de\/sofort-kredit\/arten\/fuer-die-hochzeit#breadcrumb\",\"itemListElement\":[{\"@type\":\"ListItem\",\"position\":1,\"name\":\"Home\",\"item\":\"https:\/\/www.dr-staedtler.de\/sofort-kredit\/\"},{\"@type\":\"ListItem\",\"position\":2,\"name\":\"Diese verschiedenen Kreditarten und Verwendungszwecke gibt es\",\"item\":\"https:\/\/www.dr-staedtler.de\/sofort-kredit\/arten\"},{\"@type\":\"ListItem\",\"position\":3,\"name\":\"Kredit f\u00fcr Hochzeit\"}]},{\"@type\":\"WebSite\",\"@id\":\"http:\/\/www.dr-staedtler.de\/sofort-kredit\/#website\",\"url\":\"http:\/\/www.dr-staedtler.de\/sofort-kredit\/\",\"name\":\"Sofortkredit\",\"description\":\"Der Sofortkredit im unabh\u00e4ngigen Vergleich\",\"potentialAction\":[{\"@type\":\"SearchAction\",\"target\":{\"@type\":\"EntryPoint\",\"urlTemplate\":\"http:\/\/www.dr-staedtler.de\/sofort-kredit\/?s={search_term_string}\"},\"query-input\":{\"@type\":\"PropertyValueSpecification\",\"valueRequired\":true,\"valueName\":\"search_term_string\"}}],\"inLanguage\":\"de\"}]}<\/script>\n<!-- \/ Yoast SEO plugin. -->","yoast_head_json":{"title":"Kredit f\u00fcr Hochzeit - Jetzt vergleichen und beantragen","description":"Kredit f\u00fcr Hochzeit: Die eigene Hochzeit soll geb\u00fchren gefeiert werden, wie finanziert man ein solches Fest?","robots":{"index":"index","follow":"follow","max-snippet":"max-snippet:-1","max-image-preview":"max-image-preview:large","max-video-preview":"max-video-preview:-1"},"canonical":"https:\/\/www.dr-staedtler.de\/sofort-kredit\/arten\/fuer-die-hochzeit","og_locale":"de_DE","og_type":"article","og_title":"Kredit f\u00fcr Hochzeit - Jetzt vergleichen und beantragen","og_description":"Kredit f\u00fcr Hochzeit: Die eigene Hochzeit soll geb\u00fchren gefeiert werden, wie finanziert man ein solches Fest?","og_url":"https:\/\/www.dr-staedtler.de\/sofort-kredit\/arten\/fuer-die-hochzeit","og_site_name":"Sofortkredit","article_modified_time":"2017-05-23T10:10:28+00:00","og_image":[{"url":"http:\/\/www.dr-staedtler.de\/sofort-kredit\/wp-content\/uploads\/2012\/08\/hochzeit-300x200.jpg","type":"","width":"","height":""}],"twitter_card":"summary_large_image","twitter_misc":{"Gesch\u00e4tzte Lesezeit":"2\u00a0Minuten"},"schema":{"@context":"https:\/\/schema.org","@graph":[{"@type":"WebPage","@id":"https:\/\/www.dr-staedtler.de\/sofort-kredit\/arten\/fuer-die-hochzeit","url":"https:\/\/www.dr-staedtler.de\/sofort-kredit\/arten\/fuer-die-hochzeit","name":"Kredit f\u00fcr Hochzeit - Jetzt vergleichen und beantragen","isPartOf":{"@id":"http:\/\/www.dr-staedtler.de\/sofort-kredit\/#website"},"primaryImageOfPage":{"@id":"https:\/\/www.dr-staedtler.de\/sofort-kredit\/arten\/fuer-die-hochzeit#primaryimage"},"image":{"@id":"https:\/\/www.dr-staedtler.de\/sofort-kredit\/arten\/fuer-die-hochzeit#primaryimage"},"thumbnailUrl":"http:\/\/www.dr-staedtler.de\/sofort-kredit\/wp-content\/uploads\/2012\/08\/hochzeit-300x200.jpg","datePublished":"2012-08-29T10:33:24+00:00","dateModified":"2017-05-23T10:10:28+00:00","description":"Kredit f\u00fcr Hochzeit: Die eigene Hochzeit soll geb\u00fchren gefeiert werden, wie finanziert man ein solches Fest?","breadcrumb":{"@id":"https:\/\/www.dr-staedtler.de\/sofort-kredit\/arten\/fuer-die-hochzeit#breadcrumb"},"inLanguage":"de","potentialAction":[{"@type":"ReadAction","target":["https:\/\/www.dr-staedtler.de\/sofort-kredit\/arten\/fuer-die-hochzeit"]}]},{"@type":"ImageObject","inLanguage":"de","@id":"https:\/\/www.dr-staedtler.de\/sofort-kredit\/arten\/fuer-die-hochzeit#primaryimage","url":"http:\/\/www.dr-staedtler.de\/sofort-kredit\/wp-content\/uploads\/2012\/08\/hochzeit.jpg","contentUrl":"http:\/\/www.dr-staedtler.de\/sofort-kredit\/wp-content\/uploads\/2012\/08\/hochzeit.jpg","width":"424","height":"283","caption":"Finanzierung der eigenen Hochzeit"},{"@type":"BreadcrumbList","@id":"https:\/\/www.dr-staedtler.de\/sofort-kredit\/arten\/fuer-die-hochzeit#breadcrumb","itemListElement":[{"@type":"ListItem","position":1,"name":"Home","item":"https:\/\/www.dr-staedtler.de\/sofort-kredit\/"},{"@type":"ListItem","position":2,"name":"Diese verschiedenen Kreditarten und Verwendungszwecke gibt es","item":"https:\/\/www.dr-staedtler.de\/sofort-kredit\/arten"},{"@type":"ListItem","position":3,"name":"Kredit f\u00fcr Hochzeit"}]},{"@type":"WebSite","@id":"http:\/\/www.dr-staedtler.de\/sofort-kredit\/#website","url":"http:\/\/www.dr-staedtler.de\/sofort-kredit\/","name":"Sofortkredit","description":"Der Sofortkredit im unabh\u00e4ngigen Vergleich","potentialAction":[{"@type":"SearchAction","target":{"@type":"EntryPoint","urlTemplate":"http:\/\/www.dr-staedtler.de\/sofort-kredit\/?s={search_term_string}"},"query-input":{"@type":"PropertyValueSpecification","valueRequired":true,"valueName":"search_term_string"}}],"inLanguage":"de"}]}},"_links":{"self":[{"href":"http:\/\/www.dr-staedtler.de\/sofort-kredit\/wp-json\/wp\/v2\/pages\/1009","targetHints":{"allow":["GET"]}}],"collection":[{"href":"http:\/\/www.dr-staedtler.de\/sofort-kredit\/wp-json\/wp\/v2\/pages"}],"about":[{"href":"http:\/\/www.dr-staedtler.de\/sofort-kredit\/wp-json\/wp\/v2\/types\/page"}],"author":[{"embeddable":true,"href":"http:\/\/www.dr-staedtler.de\/sofort-kredit\/wp-json\/wp\/v2\/users\/2"}],"replies":[{"embeddable":true,"href":"http:\/\/www.dr-staedtler.de\/sofort-kredit\/wp-json\/wp\/v2\/comments?post=1009"}],"version-history":[{"count":5,"href":"http:\/\/www.dr-staedtler.de\/sofort-kredit\/wp-json\/wp\/v2\/pages\/1009\/revisions"}],"predecessor-version":[{"id":2540,"href":"http:\/\/www.dr-staedtler.de\/sofort-kredit\/wp-json\/wp\/v2\/pages\/1009\/revisions\/2540"}],"up":[{"embeddable":true,"href":"http:\/\/www.dr-staedtler.de\/sofort-kredit\/wp-json\/wp\/v2\/pages\/1081"}],"wp:attachment":[{"href":"http:\/\/www.dr-staedtler.de\/sofort-kredit\/wp-json\/wp\/v2\/media?parent=1009"}],"curies":[{"name":"wp","href":"https:\/\/api.w.org\/{rel}","templated":true}]}}