{"id":1007,"date":"2012-08-30T18:12:16","date_gmt":"2012-08-30T16:12:16","guid":{"rendered":"http:\/\/www.sofort-kredit.net\/?page_id=1007"},"modified":"2017-05-23T12:10:06","modified_gmt":"2017-05-23T10:10:06","slug":"fuer-freiberufler","status":"publish","type":"page","link":"http:\/\/www.dr-staedtler.de\/sofort-kredit\/arten\/fuer-freiberufler","title":{"rendered":"Kredit f\u00fcr Freiberufler"},"content":{"rendered":"<p>Das gr\u00f6\u00dfte Problem ist der Einkommensnachweis. Freiberufler stehen in keinem Dienstleistungsverh\u00e4ltnis. Trotzdem gibt es den <strong>Sofortkredit<\/strong>, der unabh\u00e4ngig vom Einkommensnachweis aufgenommen werden kann.<br \/>\n<script defer=\"\" async=\"\" data-affiliateid=\"9e1fdf7f\" data-placementid=\"783582278\" data-amount=\"10000\" data-category=\"40895887\" data-duration=\"84\" src=\"https:\/\/www.smava.de\/pp\/smava-kreditvergleich\/main.js\"><\/script><br \/>\nDie Schicht der<strong> Freiberufler<\/strong> ist vielf\u00e4ltig. Es gibt beispielsweise <strong>Gewerbetreibende,<\/strong> welche ein Gewerbe aufgebaut haben oder aufbauen, genauso wie wissenschaftliche, schriftstellerische, erzieherische oder k\u00fcnstlerische T\u00e4tigkeiten. Dazu geh\u00f6ren Journalisten, \u00c4rzte, Ingenieure aber auch Juristen. Der Nachteil liegt darin, dass Freiberufler grunds\u00e4tzlich andere <strong>Einkommensverh\u00e4ltnisse<\/strong> haben als dienstleistende. Im Regelfall ist das Einkommen unregelm\u00e4\u00dfig. Verdient ein Dienstleister jeden Monat seine 4000 Euro, dann sind es beim Freiberufler 2000 Euro im Januar und im Februar schon wieder 5000 Euro. Diese Grenze kann nat\u00fcrlich auch nach unten variieren. <strong>Kreditinstitute<\/strong> sind daher skeptisch, m\u00f6chten Freiberufler einen Kredit aufnehmen. Das Risiko ist hoch, dass ein Monat weniger Geld abwirft und somit ein Zahlungsausfall einhergeht.<\/p>\n<h2>Welche Varianten gibt es?<\/h2>\n<p><img loading=\"lazy\" decoding=\"async\" class=\"alignleft size-medium wp-image-1313\" style=\"margin-right: 10px; margin-bottom: 8px; border: 1px solid grey;\" title=\"Startkapital f\u00fcr Freiberuflerin\" src=\"http:\/\/www.dr-staedtler.de\/sofort-kredit\/wp-content\/uploads\/2012\/08\/freiberuflerin-300x199.jpg\" alt=\"Startkapital f\u00fcr Freiberuflerin\" width=\"300\" height=\"199\" srcset=\"http:\/\/www.dr-staedtler.de\/sofort-kredit\/wp-content\/uploads\/2012\/08\/freiberuflerin-300x199.jpg 300w, http:\/\/www.dr-staedtler.de\/sofort-kredit\/wp-content\/uploads\/2012\/08\/freiberuflerin.jpg 425w\" sizes=\"auto, (max-width: 300px) 100vw, 300px\" \/>Kann ein <strong>Freiberufler<\/strong> viel versprechende Kontoausz\u00fcge vorlegen, dann sieht es schon besser aus. Sollte das nicht ausreichen, dann empfiehlt sich die <strong>Aufnahme eines Kredite<\/strong>s unter der Bedingung einer <strong>Restschuldversicherung<\/strong>. Kommt es zu einem Zahlungsausfall, so wird die Restschuldversicherung diesen Schaden regulieren. Die Vorteile die damit einhergehen sind f\u00fcr Freiberufler aller Art ungemein wichtig. Gerade wenn ein Gewerbe betrieben wird, das Gewerbe expandieren soll und Kosten \u00fcberschritten werden ist die Aufnahme eines zus\u00e4tzlichen Kredites ma\u00dfgeblich. Ebenso gibt es Freiberufler die sich im Internet publizieren m\u00fcssen und daf\u00fcr <a href=\"http:\/\/www.dr-staedtler.de\/sofort-kredit\">gen\u00fcgend Geld ben\u00f6tigen<\/a>. Ein <strong>Kredit<\/strong> kann aushelfen.<\/p>\n<h3>Der Sofortkredit: bestens geeignet<\/h3>\n<p>Der <strong>Sofortkredit f\u00fcr Freiberufle<\/strong>r ist nahezu optimal. Der Zinssatz ist niedrig, die Ratenzahlung kann individuell durchgef\u00fchrt werden und die Konditionen sind \u00e4u\u00dferst g\u00fcnstig. Freiberufler werden auf dieser Grundlage optimale Tarife bekommen, die f\u00fcr die eigene berufliche T\u00e4tigkeiten \u00e4u\u00dferst wichtig sind. Eine gezielte Suche nach einem <strong>g\u00fcnstigen Tarif<\/strong> ist auf manueller Basis nahezu unm\u00f6glich. Zumindest w\u00fcrde es viele Monate dauern. Doch wie kann ein <strong>g\u00fcnstiger Sofortkredit<\/strong> schnell gefunden werden? Ein <strong>Kreditvergleich f\u00fcr Sofortkredite<\/strong> kann helfen. Ein <strong>Kreditvergleich<\/strong> dieser Art kann unabh\u00e4ngig, unverbindlich und nat\u00fcrlich kostenlos durchgef\u00fchrt werden. Das Ergebnis sind leistungsstarke Tarife die f\u00fcr die eigene freiberufliche T\u00e4tigkeit optimal sind. Diese M\u00f6glichkeiten sollte jeder Freiberufler nutzen, der auf der Suche dem <strong>g\u00fcnstigsten Sofortkredit<\/strong> ist.<\/p>\n","protected":false},"excerpt":{"rendered":"<p>Das gr\u00f6\u00dfte Problem ist der Einkommensnachweis. Freiberufler stehen in keinem Dienstleistungsverh\u00e4ltnis. Trotzdem gibt es den Sofortkredit, der unabh\u00e4ngig vom Einkommensnachweis aufgenommen werden kann. Die Schicht der Freiberufler ist vielf\u00e4ltig. Es gibt beispielsweise Gewerbetreibende, welche ein Gewerbe aufgebaut haben oder aufbauen, genauso wie wissenschaftliche, schriftstellerische, erzieherische oder k\u00fcnstlerische T\u00e4tigkeiten. Dazu geh\u00f6ren Journalisten, \u00c4rzte, Ingenieure aber auch [&hellip;]<\/p>\n","protected":false},"author":2,"featured_media":0,"parent":1081,"menu_order":0,"comment_status":"closed","ping_status":"open","template":"templates\/sidebar-right.php","meta":{"footnotes":""},"class_list":["post-1007","page","type-page","status-publish","hentry"],"yoast_head":"<!-- This site is optimized with the Yoast SEO plugin v24.6 - https:\/\/yoast.com\/wordpress\/plugins\/seo\/ -->\n<title>Kredit f\u00fcr Freiberufler - Jetzt g\u00fcnstigen Kredit sichern<\/title>\n<meta name=\"description\" content=\"Kredit f\u00fcr Freiberufler: Der Sofortkredit ist f\u00fcr Freiberufler optimal. Niedrige Zinsen und eine individuelle Ratenzahlung sind \u00e4u\u00dferst g\u00fcnstig.\" \/>\n<meta name=\"robots\" content=\"index, follow, max-snippet:-1, max-image-preview:large, max-video-preview:-1\" \/>\n<link rel=\"canonical\" href=\"https:\/\/www.dr-staedtler.de\/sofort-kredit\/arten\/fuer-freiberufler\" \/>\n<meta property=\"og:locale\" content=\"de_DE\" \/>\n<meta property=\"og:type\" content=\"article\" \/>\n<meta property=\"og:title\" content=\"Kredit f\u00fcr Freiberufler - Jetzt g\u00fcnstigen Kredit sichern\" \/>\n<meta property=\"og:description\" content=\"Kredit f\u00fcr Freiberufler: Der Sofortkredit ist f\u00fcr Freiberufler optimal. Niedrige Zinsen und eine individuelle Ratenzahlung sind \u00e4u\u00dferst g\u00fcnstig.\" \/>\n<meta property=\"og:url\" content=\"https:\/\/www.dr-staedtler.de\/sofort-kredit\/arten\/fuer-freiberufler\" \/>\n<meta property=\"og:site_name\" content=\"Sofortkredit\" \/>\n<meta property=\"article:modified_time\" content=\"2017-05-23T10:10:06+00:00\" \/>\n<meta property=\"og:image\" content=\"http:\/\/www.dr-staedtler.de\/sofort-kredit\/wp-content\/uploads\/2012\/08\/freiberuflerin-300x199.jpg\" \/>\n<meta name=\"twitter:card\" content=\"summary_large_image\" \/>\n<meta name=\"twitter:label1\" content=\"Gesch\u00e4tzte Lesezeit\" \/>\n\t<meta name=\"twitter:data1\" content=\"2\u00a0Minuten\" \/>\n<script type=\"application\/ld+json\" class=\"yoast-schema-graph\">{\"@context\":\"https:\/\/schema.org\",\"@graph\":[{\"@type\":\"WebPage\",\"@id\":\"https:\/\/www.dr-staedtler.de\/sofort-kredit\/arten\/fuer-freiberufler\",\"url\":\"https:\/\/www.dr-staedtler.de\/sofort-kredit\/arten\/fuer-freiberufler\",\"name\":\"Kredit f\u00fcr Freiberufler - Jetzt g\u00fcnstigen Kredit sichern\",\"isPartOf\":{\"@id\":\"http:\/\/www.dr-staedtler.de\/sofort-kredit\/#website\"},\"primaryImageOfPage\":{\"@id\":\"https:\/\/www.dr-staedtler.de\/sofort-kredit\/arten\/fuer-freiberufler#primaryimage\"},\"image\":{\"@id\":\"https:\/\/www.dr-staedtler.de\/sofort-kredit\/arten\/fuer-freiberufler#primaryimage\"},\"thumbnailUrl\":\"http:\/\/www.dr-staedtler.de\/sofort-kredit\/wp-content\/uploads\/2012\/08\/freiberuflerin-300x199.jpg\",\"datePublished\":\"2012-08-30T16:12:16+00:00\",\"dateModified\":\"2017-05-23T10:10:06+00:00\",\"description\":\"Kredit f\u00fcr Freiberufler: Der Sofortkredit ist f\u00fcr Freiberufler optimal. Niedrige Zinsen und eine individuelle Ratenzahlung sind \u00e4u\u00dferst g\u00fcnstig.\",\"breadcrumb\":{\"@id\":\"https:\/\/www.dr-staedtler.de\/sofort-kredit\/arten\/fuer-freiberufler#breadcrumb\"},\"inLanguage\":\"de\",\"potentialAction\":[{\"@type\":\"ReadAction\",\"target\":[\"https:\/\/www.dr-staedtler.de\/sofort-kredit\/arten\/fuer-freiberufler\"]}]},{\"@type\":\"ImageObject\",\"inLanguage\":\"de\",\"@id\":\"https:\/\/www.dr-staedtler.de\/sofort-kredit\/arten\/fuer-freiberufler#primaryimage\",\"url\":\"http:\/\/www.dr-staedtler.de\/sofort-kredit\/wp-content\/uploads\/2012\/08\/freiberuflerin.jpg\",\"contentUrl\":\"http:\/\/www.dr-staedtler.de\/sofort-kredit\/wp-content\/uploads\/2012\/08\/freiberuflerin.jpg\",\"width\":\"425\",\"height\":\"282\",\"caption\":\"Startkapital f\u00fcr Freiberuflerin\"},{\"@type\":\"BreadcrumbList\",\"@id\":\"https:\/\/www.dr-staedtler.de\/sofort-kredit\/arten\/fuer-freiberufler#breadcrumb\",\"itemListElement\":[{\"@type\":\"ListItem\",\"position\":1,\"name\":\"Home\",\"item\":\"https:\/\/www.dr-staedtler.de\/sofort-kredit\/\"},{\"@type\":\"ListItem\",\"position\":2,\"name\":\"Diese verschiedenen Kreditarten und Verwendungszwecke gibt es\",\"item\":\"https:\/\/www.dr-staedtler.de\/sofort-kredit\/arten\"},{\"@type\":\"ListItem\",\"position\":3,\"name\":\"Kredit f\u00fcr Freiberufler\"}]},{\"@type\":\"WebSite\",\"@id\":\"http:\/\/www.dr-staedtler.de\/sofort-kredit\/#website\",\"url\":\"http:\/\/www.dr-staedtler.de\/sofort-kredit\/\",\"name\":\"Sofortkredit\",\"description\":\"Der Sofortkredit im unabh\u00e4ngigen Vergleich\",\"potentialAction\":[{\"@type\":\"SearchAction\",\"target\":{\"@type\":\"EntryPoint\",\"urlTemplate\":\"http:\/\/www.dr-staedtler.de\/sofort-kredit\/?s={search_term_string}\"},\"query-input\":{\"@type\":\"PropertyValueSpecification\",\"valueRequired\":true,\"valueName\":\"search_term_string\"}}],\"inLanguage\":\"de\"}]}<\/script>\n<!-- \/ Yoast SEO plugin. -->","yoast_head_json":{"title":"Kredit f\u00fcr Freiberufler - Jetzt g\u00fcnstigen Kredit sichern","description":"Kredit f\u00fcr Freiberufler: Der Sofortkredit ist f\u00fcr Freiberufler optimal. Niedrige Zinsen und eine individuelle Ratenzahlung sind \u00e4u\u00dferst g\u00fcnstig.","robots":{"index":"index","follow":"follow","max-snippet":"max-snippet:-1","max-image-preview":"max-image-preview:large","max-video-preview":"max-video-preview:-1"},"canonical":"https:\/\/www.dr-staedtler.de\/sofort-kredit\/arten\/fuer-freiberufler","og_locale":"de_DE","og_type":"article","og_title":"Kredit f\u00fcr Freiberufler - Jetzt g\u00fcnstigen Kredit sichern","og_description":"Kredit f\u00fcr Freiberufler: Der Sofortkredit ist f\u00fcr Freiberufler optimal. Niedrige Zinsen und eine individuelle Ratenzahlung sind \u00e4u\u00dferst g\u00fcnstig.","og_url":"https:\/\/www.dr-staedtler.de\/sofort-kredit\/arten\/fuer-freiberufler","og_site_name":"Sofortkredit","article_modified_time":"2017-05-23T10:10:06+00:00","og_image":[{"url":"http:\/\/www.dr-staedtler.de\/sofort-kredit\/wp-content\/uploads\/2012\/08\/freiberuflerin-300x199.jpg","type":"","width":"","height":""}],"twitter_card":"summary_large_image","twitter_misc":{"Gesch\u00e4tzte Lesezeit":"2\u00a0Minuten"},"schema":{"@context":"https:\/\/schema.org","@graph":[{"@type":"WebPage","@id":"https:\/\/www.dr-staedtler.de\/sofort-kredit\/arten\/fuer-freiberufler","url":"https:\/\/www.dr-staedtler.de\/sofort-kredit\/arten\/fuer-freiberufler","name":"Kredit f\u00fcr Freiberufler - Jetzt g\u00fcnstigen Kredit sichern","isPartOf":{"@id":"http:\/\/www.dr-staedtler.de\/sofort-kredit\/#website"},"primaryImageOfPage":{"@id":"https:\/\/www.dr-staedtler.de\/sofort-kredit\/arten\/fuer-freiberufler#primaryimage"},"image":{"@id":"https:\/\/www.dr-staedtler.de\/sofort-kredit\/arten\/fuer-freiberufler#primaryimage"},"thumbnailUrl":"http:\/\/www.dr-staedtler.de\/sofort-kredit\/wp-content\/uploads\/2012\/08\/freiberuflerin-300x199.jpg","datePublished":"2012-08-30T16:12:16+00:00","dateModified":"2017-05-23T10:10:06+00:00","description":"Kredit f\u00fcr Freiberufler: Der Sofortkredit ist f\u00fcr Freiberufler optimal. Niedrige Zinsen und eine individuelle Ratenzahlung sind \u00e4u\u00dferst g\u00fcnstig.","breadcrumb":{"@id":"https:\/\/www.dr-staedtler.de\/sofort-kredit\/arten\/fuer-freiberufler#breadcrumb"},"inLanguage":"de","potentialAction":[{"@type":"ReadAction","target":["https:\/\/www.dr-staedtler.de\/sofort-kredit\/arten\/fuer-freiberufler"]}]},{"@type":"ImageObject","inLanguage":"de","@id":"https:\/\/www.dr-staedtler.de\/sofort-kredit\/arten\/fuer-freiberufler#primaryimage","url":"http:\/\/www.dr-staedtler.de\/sofort-kredit\/wp-content\/uploads\/2012\/08\/freiberuflerin.jpg","contentUrl":"http:\/\/www.dr-staedtler.de\/sofort-kredit\/wp-content\/uploads\/2012\/08\/freiberuflerin.jpg","width":"425","height":"282","caption":"Startkapital f\u00fcr Freiberuflerin"},{"@type":"BreadcrumbList","@id":"https:\/\/www.dr-staedtler.de\/sofort-kredit\/arten\/fuer-freiberufler#breadcrumb","itemListElement":[{"@type":"ListItem","position":1,"name":"Home","item":"https:\/\/www.dr-staedtler.de\/sofort-kredit\/"},{"@type":"ListItem","position":2,"name":"Diese verschiedenen Kreditarten und Verwendungszwecke gibt es","item":"https:\/\/www.dr-staedtler.de\/sofort-kredit\/arten"},{"@type":"ListItem","position":3,"name":"Kredit f\u00fcr Freiberufler"}]},{"@type":"WebSite","@id":"http:\/\/www.dr-staedtler.de\/sofort-kredit\/#website","url":"http:\/\/www.dr-staedtler.de\/sofort-kredit\/","name":"Sofortkredit","description":"Der Sofortkredit im unabh\u00e4ngigen Vergleich","potentialAction":[{"@type":"SearchAction","target":{"@type":"EntryPoint","urlTemplate":"http:\/\/www.dr-staedtler.de\/sofort-kredit\/?s={search_term_string}"},"query-input":{"@type":"PropertyValueSpecification","valueRequired":true,"valueName":"search_term_string"}}],"inLanguage":"de"}]}},"_links":{"self":[{"href":"http:\/\/www.dr-staedtler.de\/sofort-kredit\/wp-json\/wp\/v2\/pages\/1007","targetHints":{"allow":["GET"]}}],"collection":[{"href":"http:\/\/www.dr-staedtler.de\/sofort-kredit\/wp-json\/wp\/v2\/pages"}],"about":[{"href":"http:\/\/www.dr-staedtler.de\/sofort-kredit\/wp-json\/wp\/v2\/types\/page"}],"author":[{"embeddable":true,"href":"http:\/\/www.dr-staedtler.de\/sofort-kredit\/wp-json\/wp\/v2\/users\/2"}],"replies":[{"embeddable":true,"href":"http:\/\/www.dr-staedtler.de\/sofort-kredit\/wp-json\/wp\/v2\/comments?post=1007"}],"version-history":[{"count":3,"href":"http:\/\/www.dr-staedtler.de\/sofort-kredit\/wp-json\/wp\/v2\/pages\/1007\/revisions"}],"predecessor-version":[{"id":2538,"href":"http:\/\/www.dr-staedtler.de\/sofort-kredit\/wp-json\/wp\/v2\/pages\/1007\/revisions\/2538"}],"up":[{"embeddable":true,"href":"http:\/\/www.dr-staedtler.de\/sofort-kredit\/wp-json\/wp\/v2\/pages\/1081"}],"wp:attachment":[{"href":"http:\/\/www.dr-staedtler.de\/sofort-kredit\/wp-json\/wp\/v2\/media?parent=1007"}],"curies":[{"name":"wp","href":"https:\/\/api.w.org\/{rel}","templated":true}]}}