{"id":1005,"date":"2012-08-30T14:54:55","date_gmt":"2012-08-30T12:54:55","guid":{"rendered":"http:\/\/www.sofort-kredit.net\/?page_id=1005"},"modified":"2017-05-23T12:09:40","modified_gmt":"2017-05-23T10:09:40","slug":"fuer-existenzgruender","status":"publish","type":"page","link":"http:\/\/www.dr-staedtler.de\/sofort-kredit\/arten\/fuer-existenzgruender","title":{"rendered":"Kredit f\u00fcr Existenzgr\u00fcnder"},"content":{"rendered":"<p>Die Phasen der <strong>Existenzgr\u00fcndung<\/strong> wird nicht umsonst als die \u201chei\u00dfe Phase\u201d bezeichnet. Unz\u00e4hlige Ausgaben m\u00fcssen get\u00e4tigt werden. Von der Entwicklung des Logos bis zur <strong>Finanzierung<\/strong> des Unternehmensberaters und Investitionen in Werbeg\u00fcter ist ein finanzielles Polster wichtig.<br \/>\n<script defer=\"\" async=\"\" data-affiliateid=\"9e1fdf7f\" data-placementid=\"783582278\" data-amount=\"10000\" data-category=\"40895887\" data-duration=\"84\" src=\"https:\/\/www.smava.de\/pp\/smava-kreditvergleich\/main.js\"><\/script><br \/>\n<img loading=\"lazy\" decoding=\"async\" class=\"alignleft size-medium wp-image-1221\" style=\"margin-right: 10px; margin-bottom: 8px; border: 1px solid grey;\" title=\"Kredit f\u00fcr einen Existenzgr\u00fcnder\" src=\"http:\/\/www.dr-staedtler.de\/sofort-kredit\/wp-content\/uploads\/2012\/08\/existenzgruender-300x200.jpg\" alt=\"Kredit f\u00fcr einen Existenzgr\u00fcnder\" width=\"300\" height=\"200\" srcset=\"http:\/\/www.dr-staedtler.de\/sofort-kredit\/wp-content\/uploads\/2012\/08\/existenzgruender-300x200.jpg 300w, http:\/\/www.dr-staedtler.de\/sofort-kredit\/wp-content\/uploads\/2012\/08\/existenzgruender.jpg 424w\" sizes=\"auto, (max-width: 300px) 100vw, 300px\" \/>Die Existenzgr\u00fcndung ist riskant. Man steht zun\u00e4chst im Nichts, hat nur eine Idee und muss nun nach Mitteln suchen, um diese Idee zu verwirklichen. Der gesamte Prozess setzt viel Organisation voraus. Beispielsweise <strong>Werbema\u00dfnahmen<\/strong>. Flyer m\u00fcssen verteilt werden, Plakate m\u00fcssen gedruckt werden und eine Internetseite sollte eingerichtet werden. Handelt es sich um ein Gewerbe, dann ist ein Steuerberater empfehlenswert. Zudem muss ein Kundenkreis aufgebaut werden und wom\u00f6glich m\u00fcssen Mitarbeiter eingestellt werden. Einzelne Faktoren, die in der Existenzgr\u00fcndung viel Geld kosten. Am Anfang der Existenzgr\u00fcndung ist finanzielle Unterst\u00fctzung notwendig. Dem einen reicht es aus mithilfe eines Gr\u00fcndungszuschusses zu arbeiten und andere ben\u00f6tigen einen zus\u00e4tzlichen <strong>Kredit<\/strong>. Doch wer vergibt Kredite an Existenzgr\u00fcnder? Die Bonit\u00e4t ist schlecht, das Unternehmen ist noch nicht aufgebaut und Banken haben wenig Sicherheit. Der <strong>Sofortkredit f\u00fcr Existenzgr\u00fcnder<\/strong> ist die einfachste und vor allem schnellsten Variante.<\/p>\n<h2>Viele Existenzgr\u00fcnder nutzen den Sofortkredit<\/h2>\n<p>Existenzgr\u00fcnder sind auf <strong>g\u00fcnstige Kredite<\/strong> angewiesen. Der <strong>Zinssatz muss niedrig<\/strong> sein, die <strong>Zinsraten<\/strong> sollte dem Rabenmodell angepasst sein und die Raten m\u00fcssen m\u00f6glichst weit gestreut werden. Andernfalls k\u00f6nnen Existenzgr\u00fcnder nur mit geringer Flexibilit\u00e4t agieren. Um Ziele dieser Art zu erreichen ist ein <strong>g\u00fcnstiger Kredit<\/strong> notwendig. Der <strong>Sofortkredit<\/strong> kann ausschlie\u00dflich \u00fcber das Internet aufgenommen werden. Ist die <a href=\"http:\/\/www.dr-staedtler.de\/sofort-kredit\/sofort-kredit-ohne-schufa\">SCHUFA negativ<\/a>, dann hat der Existenzgr\u00fcnder die M\u00f6glichkeit einen <strong>Bonit\u00e4tskredit<\/strong> zu nutzen. Bei diesem Kreditmodell wird die Bonit\u00e4t nur begrenzt betrachtet, ein wenig \u00fcberpr\u00fcft und die Kreditaufnahme ist m\u00f6glich. Hat der Existenzgr\u00fcnder beispielsweise geringe Mietschulden, dann wird keine Bank diesen Kredit verwehren. Das wichtigste ist jedoch der Verwendungszweck.<\/p>\n<h3>Der Existenzgr\u00fcnder kann absolut unabh\u00e4ngig agieren<\/h3>\n<p>Der Verwendungszweck ist <a href=\"http:\/\/www.dr-staedtler.de\/sofort-kredit\">bei jedem<strong> Kredit<\/strong><\/a> die Sicherheit, die sich die Bank mit Vergabe verspricht. Bei einer <strong>Hypothek<\/strong> kann das Haus verwendet werden, bei einem Autokredit das Fahrzeug und bei einem Seniorenkredit die Lebensversicherung. Bei einem<strong> Sofortkredit<\/strong> gibt es keinen Verwendungszweck. Das bedeutet, dass dieser Kredit ohne Voraussicht auf einen Erfolg oder Misserfolg aufgenommen werden kann. Das Unternehmen wird im schlimmsten Falle nicht verwendet. Existenzgr\u00fcnder die gezielt arbeiten k\u00f6nnen mithilfe einer zus\u00e4tzlichen Rentabilit\u00e4tsvorschau alle Kosten so einordnen, dass die Ausgaben und die Einnahmen \u00fcbersichtlich positioniert werden k\u00f6nnen. Dadurch kann eine <strong>Kostenaufstellung gemacht<\/strong> werden, an der sich der Existenzgr\u00fcnder orientieren kann.<\/p>\n<p>Sehr interessant ist im Zusammenhang mit der Existenzgr\u00fcndung auch die <a href=\"http:\/\/www.dr-staedtler.de\/sofort-kredit\/finanzierung-von-startups-kredite-und-alternativen.php\">Finanzierung von Start-Ups<\/a>.<\/p>\n","protected":false},"excerpt":{"rendered":"<p>Die Phasen der Existenzgr\u00fcndung wird nicht umsonst als die \u201chei\u00dfe Phase\u201d bezeichnet. Unz\u00e4hlige Ausgaben m\u00fcssen get\u00e4tigt werden. Von der Entwicklung des Logos bis zur Finanzierung des Unternehmensberaters und Investitionen in Werbeg\u00fcter ist ein finanzielles Polster wichtig. Die Existenzgr\u00fcndung ist riskant. Man steht zun\u00e4chst im Nichts, hat nur eine Idee und muss nun nach Mitteln suchen, [&hellip;]<\/p>\n","protected":false},"author":2,"featured_media":0,"parent":1081,"menu_order":0,"comment_status":"closed","ping_status":"open","template":"templates\/sidebar-right.php","meta":{"footnotes":""},"class_list":["post-1005","page","type-page","status-publish","hentry"],"yoast_head":"<!-- This site is optimized with the Yoast SEO plugin v24.6 - https:\/\/yoast.com\/wordpress\/plugins\/seo\/ -->\n<title>Kredit f\u00fcr Existenzgr\u00fcnder - Jetzt vergleichen und beantragen<\/title>\n<meta name=\"description\" content=\"Kredit f\u00fcr Existenzgr\u00fcnder : Als Existenzgr\u00fcnder oder Jungunternehmer ben\u00f6tigt man ein Startkapital, das man nicht immer in bar hat. Ein Sofortkredit ist dann sehr n\u00fctzlich\" \/>\n<meta name=\"robots\" content=\"index, follow, max-snippet:-1, max-image-preview:large, max-video-preview:-1\" \/>\n<link rel=\"canonical\" href=\"https:\/\/www.dr-staedtler.de\/sofort-kredit\/arten\/fuer-existenzgruender\" \/>\n<meta property=\"og:locale\" content=\"de_DE\" \/>\n<meta property=\"og:type\" content=\"article\" \/>\n<meta property=\"og:title\" content=\"Kredit f\u00fcr Existenzgr\u00fcnder - Jetzt vergleichen und beantragen\" \/>\n<meta property=\"og:description\" content=\"Kredit f\u00fcr Existenzgr\u00fcnder : Als Existenzgr\u00fcnder oder Jungunternehmer ben\u00f6tigt man ein Startkapital, das man nicht immer in bar hat. Ein Sofortkredit ist dann sehr n\u00fctzlich\" \/>\n<meta property=\"og:url\" content=\"https:\/\/www.dr-staedtler.de\/sofort-kredit\/arten\/fuer-existenzgruender\" \/>\n<meta property=\"og:site_name\" content=\"Sofortkredit\" \/>\n<meta property=\"article:modified_time\" content=\"2017-05-23T10:09:40+00:00\" \/>\n<meta property=\"og:image\" content=\"http:\/\/www.dr-staedtler.de\/sofort-kredit\/wp-content\/uploads\/2012\/08\/existenzgruender-300x200.jpg\" \/>\n<meta name=\"twitter:card\" content=\"summary_large_image\" \/>\n<meta name=\"twitter:label1\" content=\"Gesch\u00e4tzte Lesezeit\" \/>\n\t<meta name=\"twitter:data1\" content=\"2\u00a0Minuten\" \/>\n<script type=\"application\/ld+json\" class=\"yoast-schema-graph\">{\"@context\":\"https:\/\/schema.org\",\"@graph\":[{\"@type\":\"WebPage\",\"@id\":\"https:\/\/www.dr-staedtler.de\/sofort-kredit\/arten\/fuer-existenzgruender\",\"url\":\"https:\/\/www.dr-staedtler.de\/sofort-kredit\/arten\/fuer-existenzgruender\",\"name\":\"Kredit f\u00fcr Existenzgr\u00fcnder - Jetzt vergleichen und beantragen\",\"isPartOf\":{\"@id\":\"http:\/\/www.dr-staedtler.de\/sofort-kredit\/#website\"},\"primaryImageOfPage\":{\"@id\":\"https:\/\/www.dr-staedtler.de\/sofort-kredit\/arten\/fuer-existenzgruender#primaryimage\"},\"image\":{\"@id\":\"https:\/\/www.dr-staedtler.de\/sofort-kredit\/arten\/fuer-existenzgruender#primaryimage\"},\"thumbnailUrl\":\"http:\/\/www.dr-staedtler.de\/sofort-kredit\/wp-content\/uploads\/2012\/08\/existenzgruender-300x200.jpg\",\"datePublished\":\"2012-08-30T12:54:55+00:00\",\"dateModified\":\"2017-05-23T10:09:40+00:00\",\"description\":\"Kredit f\u00fcr Existenzgr\u00fcnder : Als Existenzgr\u00fcnder oder Jungunternehmer ben\u00f6tigt man ein Startkapital, das man nicht immer in bar hat. Ein Sofortkredit ist dann sehr n\u00fctzlich\",\"breadcrumb\":{\"@id\":\"https:\/\/www.dr-staedtler.de\/sofort-kredit\/arten\/fuer-existenzgruender#breadcrumb\"},\"inLanguage\":\"de\",\"potentialAction\":[{\"@type\":\"ReadAction\",\"target\":[\"https:\/\/www.dr-staedtler.de\/sofort-kredit\/arten\/fuer-existenzgruender\"]}]},{\"@type\":\"ImageObject\",\"inLanguage\":\"de\",\"@id\":\"https:\/\/www.dr-staedtler.de\/sofort-kredit\/arten\/fuer-existenzgruender#primaryimage\",\"url\":\"http:\/\/www.dr-staedtler.de\/sofort-kredit\/wp-content\/uploads\/2012\/08\/existenzgruender.jpg\",\"contentUrl\":\"http:\/\/www.dr-staedtler.de\/sofort-kredit\/wp-content\/uploads\/2012\/08\/existenzgruender.jpg\",\"width\":\"424\",\"height\":\"283\",\"caption\":\"Kredit f\u00fcr einen Existenzgr\u00fcnder\"},{\"@type\":\"BreadcrumbList\",\"@id\":\"https:\/\/www.dr-staedtler.de\/sofort-kredit\/arten\/fuer-existenzgruender#breadcrumb\",\"itemListElement\":[{\"@type\":\"ListItem\",\"position\":1,\"name\":\"Home\",\"item\":\"https:\/\/www.dr-staedtler.de\/sofort-kredit\/\"},{\"@type\":\"ListItem\",\"position\":2,\"name\":\"Diese verschiedenen Kreditarten und Verwendungszwecke gibt es\",\"item\":\"https:\/\/www.dr-staedtler.de\/sofort-kredit\/arten\"},{\"@type\":\"ListItem\",\"position\":3,\"name\":\"Kredit f\u00fcr Existenzgr\u00fcnder\"}]},{\"@type\":\"WebSite\",\"@id\":\"http:\/\/www.dr-staedtler.de\/sofort-kredit\/#website\",\"url\":\"http:\/\/www.dr-staedtler.de\/sofort-kredit\/\",\"name\":\"Sofortkredit\",\"description\":\"Der Sofortkredit im unabh\u00e4ngigen Vergleich\",\"potentialAction\":[{\"@type\":\"SearchAction\",\"target\":{\"@type\":\"EntryPoint\",\"urlTemplate\":\"http:\/\/www.dr-staedtler.de\/sofort-kredit\/?s={search_term_string}\"},\"query-input\":{\"@type\":\"PropertyValueSpecification\",\"valueRequired\":true,\"valueName\":\"search_term_string\"}}],\"inLanguage\":\"de\"}]}<\/script>\n<!-- \/ Yoast SEO plugin. -->","yoast_head_json":{"title":"Kredit f\u00fcr Existenzgr\u00fcnder - Jetzt vergleichen und beantragen","description":"Kredit f\u00fcr Existenzgr\u00fcnder : Als Existenzgr\u00fcnder oder Jungunternehmer ben\u00f6tigt man ein Startkapital, das man nicht immer in bar hat. Ein Sofortkredit ist dann sehr n\u00fctzlich","robots":{"index":"index","follow":"follow","max-snippet":"max-snippet:-1","max-image-preview":"max-image-preview:large","max-video-preview":"max-video-preview:-1"},"canonical":"https:\/\/www.dr-staedtler.de\/sofort-kredit\/arten\/fuer-existenzgruender","og_locale":"de_DE","og_type":"article","og_title":"Kredit f\u00fcr Existenzgr\u00fcnder - Jetzt vergleichen und beantragen","og_description":"Kredit f\u00fcr Existenzgr\u00fcnder : Als Existenzgr\u00fcnder oder Jungunternehmer ben\u00f6tigt man ein Startkapital, das man nicht immer in bar hat. Ein Sofortkredit ist dann sehr n\u00fctzlich","og_url":"https:\/\/www.dr-staedtler.de\/sofort-kredit\/arten\/fuer-existenzgruender","og_site_name":"Sofortkredit","article_modified_time":"2017-05-23T10:09:40+00:00","og_image":[{"url":"http:\/\/www.dr-staedtler.de\/sofort-kredit\/wp-content\/uploads\/2012\/08\/existenzgruender-300x200.jpg","type":"","width":"","height":""}],"twitter_card":"summary_large_image","twitter_misc":{"Gesch\u00e4tzte Lesezeit":"2\u00a0Minuten"},"schema":{"@context":"https:\/\/schema.org","@graph":[{"@type":"WebPage","@id":"https:\/\/www.dr-staedtler.de\/sofort-kredit\/arten\/fuer-existenzgruender","url":"https:\/\/www.dr-staedtler.de\/sofort-kredit\/arten\/fuer-existenzgruender","name":"Kredit f\u00fcr Existenzgr\u00fcnder - Jetzt vergleichen und beantragen","isPartOf":{"@id":"http:\/\/www.dr-staedtler.de\/sofort-kredit\/#website"},"primaryImageOfPage":{"@id":"https:\/\/www.dr-staedtler.de\/sofort-kredit\/arten\/fuer-existenzgruender#primaryimage"},"image":{"@id":"https:\/\/www.dr-staedtler.de\/sofort-kredit\/arten\/fuer-existenzgruender#primaryimage"},"thumbnailUrl":"http:\/\/www.dr-staedtler.de\/sofort-kredit\/wp-content\/uploads\/2012\/08\/existenzgruender-300x200.jpg","datePublished":"2012-08-30T12:54:55+00:00","dateModified":"2017-05-23T10:09:40+00:00","description":"Kredit f\u00fcr Existenzgr\u00fcnder : Als Existenzgr\u00fcnder oder Jungunternehmer ben\u00f6tigt man ein Startkapital, das man nicht immer in bar hat. Ein Sofortkredit ist dann sehr n\u00fctzlich","breadcrumb":{"@id":"https:\/\/www.dr-staedtler.de\/sofort-kredit\/arten\/fuer-existenzgruender#breadcrumb"},"inLanguage":"de","potentialAction":[{"@type":"ReadAction","target":["https:\/\/www.dr-staedtler.de\/sofort-kredit\/arten\/fuer-existenzgruender"]}]},{"@type":"ImageObject","inLanguage":"de","@id":"https:\/\/www.dr-staedtler.de\/sofort-kredit\/arten\/fuer-existenzgruender#primaryimage","url":"http:\/\/www.dr-staedtler.de\/sofort-kredit\/wp-content\/uploads\/2012\/08\/existenzgruender.jpg","contentUrl":"http:\/\/www.dr-staedtler.de\/sofort-kredit\/wp-content\/uploads\/2012\/08\/existenzgruender.jpg","width":"424","height":"283","caption":"Kredit f\u00fcr einen Existenzgr\u00fcnder"},{"@type":"BreadcrumbList","@id":"https:\/\/www.dr-staedtler.de\/sofort-kredit\/arten\/fuer-existenzgruender#breadcrumb","itemListElement":[{"@type":"ListItem","position":1,"name":"Home","item":"https:\/\/www.dr-staedtler.de\/sofort-kredit\/"},{"@type":"ListItem","position":2,"name":"Diese verschiedenen Kreditarten und Verwendungszwecke gibt es","item":"https:\/\/www.dr-staedtler.de\/sofort-kredit\/arten"},{"@type":"ListItem","position":3,"name":"Kredit f\u00fcr Existenzgr\u00fcnder"}]},{"@type":"WebSite","@id":"http:\/\/www.dr-staedtler.de\/sofort-kredit\/#website","url":"http:\/\/www.dr-staedtler.de\/sofort-kredit\/","name":"Sofortkredit","description":"Der Sofortkredit im unabh\u00e4ngigen Vergleich","potentialAction":[{"@type":"SearchAction","target":{"@type":"EntryPoint","urlTemplate":"http:\/\/www.dr-staedtler.de\/sofort-kredit\/?s={search_term_string}"},"query-input":{"@type":"PropertyValueSpecification","valueRequired":true,"valueName":"search_term_string"}}],"inLanguage":"de"}]}},"_links":{"self":[{"href":"http:\/\/www.dr-staedtler.de\/sofort-kredit\/wp-json\/wp\/v2\/pages\/1005","targetHints":{"allow":["GET"]}}],"collection":[{"href":"http:\/\/www.dr-staedtler.de\/sofort-kredit\/wp-json\/wp\/v2\/pages"}],"about":[{"href":"http:\/\/www.dr-staedtler.de\/sofort-kredit\/wp-json\/wp\/v2\/types\/page"}],"author":[{"embeddable":true,"href":"http:\/\/www.dr-staedtler.de\/sofort-kredit\/wp-json\/wp\/v2\/users\/2"}],"replies":[{"embeddable":true,"href":"http:\/\/www.dr-staedtler.de\/sofort-kredit\/wp-json\/wp\/v2\/comments?post=1005"}],"version-history":[{"count":4,"href":"http:\/\/www.dr-staedtler.de\/sofort-kredit\/wp-json\/wp\/v2\/pages\/1005\/revisions"}],"predecessor-version":[{"id":2534,"href":"http:\/\/www.dr-staedtler.de\/sofort-kredit\/wp-json\/wp\/v2\/pages\/1005\/revisions\/2534"}],"up":[{"embeddable":true,"href":"http:\/\/www.dr-staedtler.de\/sofort-kredit\/wp-json\/wp\/v2\/pages\/1081"}],"wp:attachment":[{"href":"http:\/\/www.dr-staedtler.de\/sofort-kredit\/wp-json\/wp\/v2\/media?parent=1005"}],"curies":[{"name":"wp","href":"https:\/\/api.w.org\/{rel}","templated":true}]}}