{"id":1003,"date":"2012-08-30T15:12:07","date_gmt":"2012-08-30T13:12:07","guid":{"rendered":"http:\/\/www.sofort-kredit.net\/?page_id=1003"},"modified":"2017-05-23T12:11:36","modified_gmt":"2017-05-23T10:11:36","slug":"fuer-neue-kueche","status":"publish","type":"page","link":"http:\/\/www.dr-staedtler.de\/sofort-kredit\/arten\/fuer-neue-kueche","title":{"rendered":"Kredit f\u00fcr K\u00fcche"},"content":{"rendered":"<p>Wie kann die <strong>Traumk\u00fcche finanziert<\/strong> werden? Jeder Verbraucher hat andere Anforderungen an die eigene Traumk\u00fcche. Der eine w\u00fcnscht eine komplette Einbauk\u00fcche und der andere bestimmte technische Ger\u00e4te. Ein hoher Kostenaufwand ist also vorprogrammiert, ein <strong>Sofortkredit f\u00fcr K\u00fcchen<\/strong> n\u00f6tig.<br \/>\n<script defer=\"\" async=\"\" data-affiliateid=\"9e1fdf7f\" data-placementid=\"783582278\" data-amount=\"10000\" data-category=\"\" data-duration=\"84\" src=\"https:\/\/www.smava.de\/pp\/smava-kreditvergleich\/main.js\"><\/script><br \/>\nJeder Verbraucher wird anderen Anspr\u00fcche an die eigene K\u00fcche stellen. Eine <strong>K\u00fcche<\/strong> hat eine sehr lange Lebenszeit. Gerade wenn mit Eichenholz gebaut wurde und die K\u00fcche massiv konstruiert wurde ist eine einzelne K\u00fcche schon ein lebenslanger Begleiter. Dennoch gibt es <strong>Abschreibungen,<\/strong> wom\u00f6glich \u00e4ndert sich der komplette Geschmack oder man m\u00f6chte neue technische Ger\u00e4te einbauen. Und das kostet immer Geld. Doch vorher bekommt man das Geld, gerade wenn ein Verbraucher in k\u00fcrzester Zeit darauf angewiesen ist? Beispielsweise mit einem <strong>Sofortkredit<\/strong>. Der Sofortkredit ist an keinerlei Verwendungszweck gebunden. Zudem kann er innerhalb weniger Tage aufgenommen werden. Die ganze Prozedur verl\u00e4uft unkompliziert \u00fcber das Internet. Der <strong>Sofortkredit f\u00fcr K\u00fcchen<\/strong> ist ein Trend, der im Laufe der Jahre immer attraktiver wurde. Verbraucher haben sehr schnell festgestellt, dass mithilfe eines Sofortkredites \u00e4u\u00dferst gute Konditionen geboten werden und die <strong>Kreditlaufzeit<\/strong> aber auch der Zinssatz angepasst werden kann. Eine K\u00fcche kostet gut und gerne 10.000 Euro und noch mehr. Eine Summe, die nicht jeder Verbraucher sofort zur Stelle hat.<\/p>\n<h2>Wie k\u00f6nnen Kosten gespart werden?<\/h2>\n<p><img loading=\"lazy\" decoding=\"async\" class=\"alignleft size-medium wp-image-1235\" style=\"margin-right: 10px; margin-bottom: 8px; border: 1px solid grey;\" title=\"Nagelneue K\u00fcche\" src=\"http:\/\/www.dr-staedtler.de\/sofort-kredit\/wp-content\/uploads\/2012\/08\/neuekueche-300x200.jpg\" alt=\"Nagelneue K\u00fcche\" width=\"300\" height=\"200\" srcset=\"http:\/\/www.dr-staedtler.de\/sofort-kredit\/wp-content\/uploads\/2012\/08\/neuekueche-300x200.jpg 300w, http:\/\/www.dr-staedtler.de\/sofort-kredit\/wp-content\/uploads\/2012\/08\/neuekueche.jpg 424w\" sizes=\"auto, (max-width: 300px) 100vw, 300px\" \/>Ein <a href=\"http:\/\/www.dr-staedtler.de\/sofort-kredit\">Vergleich ist die erste Methode<\/a> um einen <a href=\"http:\/\/www.dr-staedtler.de\/sofort-kredit\/gunstige-kredite\">g\u00fcnstigen Kredit zu finden<\/a>. Betr\u00e4gt die <strong>Kreditsumme<\/strong> 10.000 Euro, dann bedeutet ein <strong>Zinssatz<\/strong> von drei Prozent, das 300 Euro zus\u00e4tzlich bezahlt werden m\u00fcssen. Betr\u00e4gt der Zinssatz dagegen acht Prozent, so m\u00fcssen 800 Euro zugezahlt werden. Preisspannen dieser Art sind zwischen <strong>unterschiedlichen Kreditanbietern<\/strong> normal. Um das g\u00fcnstigste Modell zu finden ist ein Kreditvergleich notwendig. Der <strong>Kreditvergleich<\/strong> kann unabh\u00e4ngig durchgef\u00fchrt werden. Es wird nur der g\u00fcnstigste Anbieter mit dem niedrigsten Zinssatz aufgelistet. Ebenso k\u00f6nnen individuelle Anforderungen gestellt werden. So beispielsweise eine <strong>individuelle Ratenzahlung<\/strong> oder eine zus\u00e4tzliche Restschuldversicherung.<\/p>\n<h3>Die Kosten genau kalkulieren<\/h3>\n<p>Bevor ein sofort <strong>Kredit aufgenommen<\/strong> wird sollten die Kosten und die Ausgaben genau kalkuliert werden. Wird eine komplette K\u00fcche gekauft, dann sollte der K\u00e4ufer vorab wissen, um welches K\u00fcchenmodell es sich handelt, wie viel es genau kostet und ob es noch bestellt werden kann. Es bringt wenig einen<strong> Sofortkredit<\/strong> aufzunehmen, noch keine K\u00fcche gefunden zu haben und erst im Nachhinein eine K\u00fcche auszuw\u00e4hlen. Kostet die K\u00fcche nur 2000 Euro mehr oder 2000 Euro weniger, dann ergeben sich nachhaltige Probleme. Bei der Auswahl des Kredites gibt es verschiedene Finanzierungsm\u00f6glichkeiten. Diese richten sich grunds\u00e4tzlich nach der <strong>Ratenzahlung<\/strong> und dem Zinssatz. Der Sollzins und der <strong>effektive Zins<\/strong> m\u00fcssen m\u00f6glichst niedrig sein, wobei eine feste Verzinsung die klassische Variante ist. Bei Bedarf kann ein <strong>Sofortkredit f\u00fcr K\u00fcche<\/strong> auch mit einer variablen Verzinsung aufgenommen werden.<\/p>\n","protected":false},"excerpt":{"rendered":"<p>Wie kann die Traumk\u00fcche finanziert werden? Jeder Verbraucher hat andere Anforderungen an die eigene Traumk\u00fcche. Der eine w\u00fcnscht eine komplette Einbauk\u00fcche und der andere bestimmte technische Ger\u00e4te. Ein hoher Kostenaufwand ist also vorprogrammiert, ein Sofortkredit f\u00fcr K\u00fcchen n\u00f6tig. Jeder Verbraucher wird anderen Anspr\u00fcche an die eigene K\u00fcche stellen. Eine K\u00fcche hat eine sehr lange Lebenszeit. [&hellip;]<\/p>\n","protected":false},"author":2,"featured_media":0,"parent":1081,"menu_order":0,"comment_status":"closed","ping_status":"open","template":"templates\/sidebar-right.php","meta":{"footnotes":""},"class_list":["post-1003","page","type-page","status-publish","hentry"],"yoast_head":"<!-- This site is optimized with the Yoast SEO plugin v24.6 - https:\/\/yoast.com\/wordpress\/plugins\/seo\/ -->\n<title>Kredit f\u00fcr K\u00fcche - Jetzt vergleichen und beantragen<\/title>\n<meta name=\"description\" content=\"Kredit f\u00fcr K\u00fcche: Wie kann man seine Traumk\u00fcche finanzieren? Ein Sofortkredit f\u00fcr K\u00fcchen ist eine L\u00f6sung\" \/>\n<meta name=\"robots\" content=\"index, follow, max-snippet:-1, max-image-preview:large, max-video-preview:-1\" \/>\n<link rel=\"canonical\" href=\"https:\/\/www.dr-staedtler.de\/sofort-kredit\/arten\/fuer-neue-kueche\" \/>\n<meta property=\"og:locale\" content=\"de_DE\" \/>\n<meta property=\"og:type\" content=\"article\" \/>\n<meta property=\"og:title\" content=\"Kredit f\u00fcr K\u00fcche - Jetzt vergleichen und beantragen\" \/>\n<meta property=\"og:description\" content=\"Kredit f\u00fcr K\u00fcche: Wie kann man seine Traumk\u00fcche finanzieren? Ein Sofortkredit f\u00fcr K\u00fcchen ist eine L\u00f6sung\" \/>\n<meta property=\"og:url\" content=\"https:\/\/www.dr-staedtler.de\/sofort-kredit\/arten\/fuer-neue-kueche\" \/>\n<meta property=\"og:site_name\" content=\"Sofortkredit\" \/>\n<meta property=\"article:modified_time\" content=\"2017-05-23T10:11:36+00:00\" \/>\n<meta property=\"og:image\" content=\"http:\/\/www.dr-staedtler.de\/sofort-kredit\/wp-content\/uploads\/2012\/08\/neuekueche-300x200.jpg\" \/>\n<meta name=\"twitter:card\" content=\"summary_large_image\" \/>\n<meta name=\"twitter:label1\" content=\"Gesch\u00e4tzte Lesezeit\" \/>\n\t<meta name=\"twitter:data1\" content=\"2\u00a0Minuten\" \/>\n<script type=\"application\/ld+json\" class=\"yoast-schema-graph\">{\"@context\":\"https:\/\/schema.org\",\"@graph\":[{\"@type\":\"WebPage\",\"@id\":\"https:\/\/www.dr-staedtler.de\/sofort-kredit\/arten\/fuer-neue-kueche\",\"url\":\"https:\/\/www.dr-staedtler.de\/sofort-kredit\/arten\/fuer-neue-kueche\",\"name\":\"Kredit f\u00fcr K\u00fcche - Jetzt vergleichen und beantragen\",\"isPartOf\":{\"@id\":\"http:\/\/www.dr-staedtler.de\/sofort-kredit\/#website\"},\"primaryImageOfPage\":{\"@id\":\"https:\/\/www.dr-staedtler.de\/sofort-kredit\/arten\/fuer-neue-kueche#primaryimage\"},\"image\":{\"@id\":\"https:\/\/www.dr-staedtler.de\/sofort-kredit\/arten\/fuer-neue-kueche#primaryimage\"},\"thumbnailUrl\":\"http:\/\/www.dr-staedtler.de\/sofort-kredit\/wp-content\/uploads\/2012\/08\/neuekueche-300x200.jpg\",\"datePublished\":\"2012-08-30T13:12:07+00:00\",\"dateModified\":\"2017-05-23T10:11:36+00:00\",\"description\":\"Kredit f\u00fcr K\u00fcche: Wie kann man seine Traumk\u00fcche finanzieren? Ein Sofortkredit f\u00fcr K\u00fcchen ist eine L\u00f6sung\",\"breadcrumb\":{\"@id\":\"https:\/\/www.dr-staedtler.de\/sofort-kredit\/arten\/fuer-neue-kueche#breadcrumb\"},\"inLanguage\":\"de\",\"potentialAction\":[{\"@type\":\"ReadAction\",\"target\":[\"https:\/\/www.dr-staedtler.de\/sofort-kredit\/arten\/fuer-neue-kueche\"]}]},{\"@type\":\"ImageObject\",\"inLanguage\":\"de\",\"@id\":\"https:\/\/www.dr-staedtler.de\/sofort-kredit\/arten\/fuer-neue-kueche#primaryimage\",\"url\":\"http:\/\/www.dr-staedtler.de\/sofort-kredit\/wp-content\/uploads\/2012\/08\/neuekueche.jpg\",\"contentUrl\":\"http:\/\/www.dr-staedtler.de\/sofort-kredit\/wp-content\/uploads\/2012\/08\/neuekueche.jpg\",\"width\":\"424\",\"height\":\"283\",\"caption\":\"Nagelneue K\u00fcche\"},{\"@type\":\"BreadcrumbList\",\"@id\":\"https:\/\/www.dr-staedtler.de\/sofort-kredit\/arten\/fuer-neue-kueche#breadcrumb\",\"itemListElement\":[{\"@type\":\"ListItem\",\"position\":1,\"name\":\"Home\",\"item\":\"https:\/\/www.dr-staedtler.de\/sofort-kredit\/\"},{\"@type\":\"ListItem\",\"position\":2,\"name\":\"Diese verschiedenen Kreditarten und Verwendungszwecke gibt es\",\"item\":\"https:\/\/www.dr-staedtler.de\/sofort-kredit\/arten\"},{\"@type\":\"ListItem\",\"position\":3,\"name\":\"Kredit f\u00fcr K\u00fcche\"}]},{\"@type\":\"WebSite\",\"@id\":\"http:\/\/www.dr-staedtler.de\/sofort-kredit\/#website\",\"url\":\"http:\/\/www.dr-staedtler.de\/sofort-kredit\/\",\"name\":\"Sofortkredit\",\"description\":\"Der Sofortkredit im unabh\u00e4ngigen Vergleich\",\"potentialAction\":[{\"@type\":\"SearchAction\",\"target\":{\"@type\":\"EntryPoint\",\"urlTemplate\":\"http:\/\/www.dr-staedtler.de\/sofort-kredit\/?s={search_term_string}\"},\"query-input\":{\"@type\":\"PropertyValueSpecification\",\"valueRequired\":true,\"valueName\":\"search_term_string\"}}],\"inLanguage\":\"de\"}]}<\/script>\n<!-- \/ Yoast SEO plugin. -->","yoast_head_json":{"title":"Kredit f\u00fcr K\u00fcche - Jetzt vergleichen und beantragen","description":"Kredit f\u00fcr K\u00fcche: Wie kann man seine Traumk\u00fcche finanzieren? Ein Sofortkredit f\u00fcr K\u00fcchen ist eine L\u00f6sung","robots":{"index":"index","follow":"follow","max-snippet":"max-snippet:-1","max-image-preview":"max-image-preview:large","max-video-preview":"max-video-preview:-1"},"canonical":"https:\/\/www.dr-staedtler.de\/sofort-kredit\/arten\/fuer-neue-kueche","og_locale":"de_DE","og_type":"article","og_title":"Kredit f\u00fcr K\u00fcche - Jetzt vergleichen und beantragen","og_description":"Kredit f\u00fcr K\u00fcche: Wie kann man seine Traumk\u00fcche finanzieren? Ein Sofortkredit f\u00fcr K\u00fcchen ist eine L\u00f6sung","og_url":"https:\/\/www.dr-staedtler.de\/sofort-kredit\/arten\/fuer-neue-kueche","og_site_name":"Sofortkredit","article_modified_time":"2017-05-23T10:11:36+00:00","og_image":[{"url":"http:\/\/www.dr-staedtler.de\/sofort-kredit\/wp-content\/uploads\/2012\/08\/neuekueche-300x200.jpg","type":"","width":"","height":""}],"twitter_card":"summary_large_image","twitter_misc":{"Gesch\u00e4tzte Lesezeit":"2\u00a0Minuten"},"schema":{"@context":"https:\/\/schema.org","@graph":[{"@type":"WebPage","@id":"https:\/\/www.dr-staedtler.de\/sofort-kredit\/arten\/fuer-neue-kueche","url":"https:\/\/www.dr-staedtler.de\/sofort-kredit\/arten\/fuer-neue-kueche","name":"Kredit f\u00fcr K\u00fcche - Jetzt vergleichen und beantragen","isPartOf":{"@id":"http:\/\/www.dr-staedtler.de\/sofort-kredit\/#website"},"primaryImageOfPage":{"@id":"https:\/\/www.dr-staedtler.de\/sofort-kredit\/arten\/fuer-neue-kueche#primaryimage"},"image":{"@id":"https:\/\/www.dr-staedtler.de\/sofort-kredit\/arten\/fuer-neue-kueche#primaryimage"},"thumbnailUrl":"http:\/\/www.dr-staedtler.de\/sofort-kredit\/wp-content\/uploads\/2012\/08\/neuekueche-300x200.jpg","datePublished":"2012-08-30T13:12:07+00:00","dateModified":"2017-05-23T10:11:36+00:00","description":"Kredit f\u00fcr K\u00fcche: Wie kann man seine Traumk\u00fcche finanzieren? Ein Sofortkredit f\u00fcr K\u00fcchen ist eine L\u00f6sung","breadcrumb":{"@id":"https:\/\/www.dr-staedtler.de\/sofort-kredit\/arten\/fuer-neue-kueche#breadcrumb"},"inLanguage":"de","potentialAction":[{"@type":"ReadAction","target":["https:\/\/www.dr-staedtler.de\/sofort-kredit\/arten\/fuer-neue-kueche"]}]},{"@type":"ImageObject","inLanguage":"de","@id":"https:\/\/www.dr-staedtler.de\/sofort-kredit\/arten\/fuer-neue-kueche#primaryimage","url":"http:\/\/www.dr-staedtler.de\/sofort-kredit\/wp-content\/uploads\/2012\/08\/neuekueche.jpg","contentUrl":"http:\/\/www.dr-staedtler.de\/sofort-kredit\/wp-content\/uploads\/2012\/08\/neuekueche.jpg","width":"424","height":"283","caption":"Nagelneue K\u00fcche"},{"@type":"BreadcrumbList","@id":"https:\/\/www.dr-staedtler.de\/sofort-kredit\/arten\/fuer-neue-kueche#breadcrumb","itemListElement":[{"@type":"ListItem","position":1,"name":"Home","item":"https:\/\/www.dr-staedtler.de\/sofort-kredit\/"},{"@type":"ListItem","position":2,"name":"Diese verschiedenen Kreditarten und Verwendungszwecke gibt es","item":"https:\/\/www.dr-staedtler.de\/sofort-kredit\/arten"},{"@type":"ListItem","position":3,"name":"Kredit f\u00fcr K\u00fcche"}]},{"@type":"WebSite","@id":"http:\/\/www.dr-staedtler.de\/sofort-kredit\/#website","url":"http:\/\/www.dr-staedtler.de\/sofort-kredit\/","name":"Sofortkredit","description":"Der Sofortkredit im unabh\u00e4ngigen Vergleich","potentialAction":[{"@type":"SearchAction","target":{"@type":"EntryPoint","urlTemplate":"http:\/\/www.dr-staedtler.de\/sofort-kredit\/?s={search_term_string}"},"query-input":{"@type":"PropertyValueSpecification","valueRequired":true,"valueName":"search_term_string"}}],"inLanguage":"de"}]}},"_links":{"self":[{"href":"http:\/\/www.dr-staedtler.de\/sofort-kredit\/wp-json\/wp\/v2\/pages\/1003","targetHints":{"allow":["GET"]}}],"collection":[{"href":"http:\/\/www.dr-staedtler.de\/sofort-kredit\/wp-json\/wp\/v2\/pages"}],"about":[{"href":"http:\/\/www.dr-staedtler.de\/sofort-kredit\/wp-json\/wp\/v2\/types\/page"}],"author":[{"embeddable":true,"href":"http:\/\/www.dr-staedtler.de\/sofort-kredit\/wp-json\/wp\/v2\/users\/2"}],"replies":[{"embeddable":true,"href":"http:\/\/www.dr-staedtler.de\/sofort-kredit\/wp-json\/wp\/v2\/comments?post=1003"}],"version-history":[{"count":5,"href":"http:\/\/www.dr-staedtler.de\/sofort-kredit\/wp-json\/wp\/v2\/pages\/1003\/revisions"}],"predecessor-version":[{"id":2544,"href":"http:\/\/www.dr-staedtler.de\/sofort-kredit\/wp-json\/wp\/v2\/pages\/1003\/revisions\/2544"}],"up":[{"embeddable":true,"href":"http:\/\/www.dr-staedtler.de\/sofort-kredit\/wp-json\/wp\/v2\/pages\/1081"}],"wp:attachment":[{"href":"http:\/\/www.dr-staedtler.de\/sofort-kredit\/wp-json\/wp\/v2\/media?parent=1003"}],"curies":[{"name":"wp","href":"https:\/\/api.w.org\/{rel}","templated":true}]}}