{"id":1001,"date":"2012-08-30T16:47:35","date_gmt":"2012-08-30T14:47:35","guid":{"rendered":"http:\/\/www.sofort-kredit.net\/?page_id=1001"},"modified":"2017-02-14T15:50:52","modified_gmt":"2017-02-14T13:50:52","slug":"fuer-junge-leute","status":"publish","type":"page","link":"http:\/\/www.dr-staedtler.de\/sofort-kredit\/arten\/fuer-junge-leute","title":{"rendered":"Kredit f\u00fcr junge Leute"},"content":{"rendered":"<p><strong>Kredite<\/strong>, die f\u00fcr junge Leute in der Aufbauphase notwendig sind werden von vielen Instituten gerne weitergereicht. Bankinstitute versprechen sich zuk\u00fcnftige Kundschaft, wobei verschiedene <strong>Kreditvarianten<\/strong> n\u00fctzlich sind.<br \/>\n<!-- BEGIN financequality.net --><script type=\"text\/javascript\" src=\"https:\/\/network.financequality.net\/scripts\/network\/ext-functions.js\"><\/script><script type=\"text\/javascript\" src=\"https:\/\/l.neqty.net\/html.html?fq=MTM4OV8xNjE1N18yMTgyMQ==&#038;vars=%7B%22amount%22%3A%225000%22%2C%22duration%22%3A%224%22%2C%22purpose%22%3A%2299%22%2C%22color1%22%3A%2292B90E%22%2C%22color2%22%3A%2292B90E%22%2C%22height%22%3A%22auto%22%2C%22width%22%3A%22100%2525%22%7D&#038;log=false\"><\/script><img loading=\"lazy\" decoding=\"async\" src=\"https:\/\/l.neqty.net\/view.html?fq=MTM4OV8xNjE1N18yMTgyMQ==\" border=0 width=\"1\" height=\"1\" \/><!-- END financequality.net --><br \/>\n<img loading=\"lazy\" decoding=\"async\" class=\"alignleft size-medium wp-image-1275\" style=\"margin-right: 10px; margin-bottom: 8px; border: 1px solid grey;\" title=\"Junge Leute mit guten Kredit-Chancen\" src=\"http:\/\/www.dr-staedtler.de\/sofort-kredit\/wp-content\/uploads\/2012\/08\/jungeleute-300x200.jpg\" alt=\"Junge Leute mit guten Kredit-Chancen\" width=\"300\" height=\"200\" srcset=\"http:\/\/www.dr-staedtler.de\/sofort-kredit\/wp-content\/uploads\/2012\/08\/jungeleute-300x200.jpg 300w, http:\/\/www.dr-staedtler.de\/sofort-kredit\/wp-content\/uploads\/2012\/08\/jungeleute.jpg 424w\" sizes=\"auto, (max-width: 300px) 100vw, 300px\" \/>In den jungen Jahren gilt es sich die eigene Zukunft m\u00f6glichst aufzubauen. Absicherungen, die im Krankheitsfall notwendig sind, geh\u00f6ren ebenso dazu wie eine gute <strong>Altersvorsorge<\/strong> oder ein Eigenheim. Der erste Kredit ist eine wichtige Grundlage, wobei das Geld weise eingesetzt werden sollte. Besonders F\u00f6rdergelder, die f\u00fcr Existenzgr\u00fcnder notwendig sind, erm\u00f6glichen eine zukunftsorientierte Aufbaustrategie.\u00a0 Nicht nur, dass die <strong>Fahrpr\u00fcfung<\/strong> viel Geld kostet, der eine oder andere ein Studium finanzieren muss oder ein Unternehmen aufgebaut wird, viele Kosten sind zu tragen. Doch wie k\u00f6nnen Polster aufgebaut werden, die vor <strong>finanziellen Ausf\u00e4llen<\/strong> sch\u00fctzen?<\/p>\n<h2>Ein Sofortkredit kann Abhilfe schaffen<\/h2>\n<p>Ein <strong>Sofortkredit f\u00fcr junge Leute<\/strong> ist die einfachste, schnellste und effektivste Varianten, um sich vor Zahlungsausf\u00e4llen aller Art zu sch\u00fctzen. Warum? Im Gegensatz zu anderen Krediten kann ein <a href=\"http:\/\/www.dr-staedtler.de\/sofort-kredit\">Sofortkredit innerhalb k\u00fcrzester Zeit aufgenommen<\/a> werden. Herk\u00f6mmliche <strong>Ratenkredite<\/strong> setzen eine lange Prozedur voraus. So beispielsweise die Antragsausf\u00fcllung, der Postsendeweg, eine \u00dcberarbeitung &#8211; die mitunter bis zu einem Monat dauern kann, das \u00dcberpr\u00fcfen der Bonit\u00e4t und das \u00fcberweisen das Geldes. Ein kurzfristiger <strong>Zahlungsausfall<\/strong> setzt aber eine Aufstockung des fehlenden Geldes innerhalb k\u00fcrzester Zeit voraus.\u00a0 Gerade damit die Ausbildung nicht unterbrochen, die Existenzgr\u00fcndung nicht gef\u00e4hrdet oder die Fahrschule abgebrochen werden muss.<\/p>\n<h3>Wie k\u00f6nnen g\u00fcnstige Kredite mit gen\u00fcgend Qualit\u00e4t gefunden werden?<\/h3>\n<p><strong>Angepasste Kredite<\/strong> zu finden ist nicht unbedingt schwierig. Speziell f\u00fcr den <strong>Sofortkredit f\u00fcr junge Leute<\/strong> gibt es <strong>Tarifrechner<\/strong> die sich kinderleicht bedienen lassen. Nach Zinssatz,<strong> Kreditlaufzeit,<\/strong> die Kreditsumme und dem Anbieter sind unabh\u00e4ngige und objektive Vergleiche m\u00f6glich. Objektivit\u00e4t hei\u00dft, dass das Preis-Leistungs-Verh\u00e4ltnis das einzige Kriterium f\u00fcr die Qualit\u00e4t des Tarifes ist. Dazu z\u00e4hlt ein <strong>g\u00fcnstiger Zinssatz<\/strong>, einen individuelle Ratenzahlung und eine schnelle \u00dcberweisung auf das eigene Konto. Diese Voraussetzungen sind bei der Aufnahme eines Kredites die wichtigsten, gerade wenn Tarife mit Qualit\u00e4t gesucht werden die ein minimales Risiko beschreiben. Kreditnehmer k\u00f6nnen mit \u00e4u\u00dferst g\u00fcnstigen Zinsen rechnen, wird auf einen Vergleich zur\u00fcckgegriffen.<\/p>\n","protected":false},"excerpt":{"rendered":"<p>Kredite, die f\u00fcr junge Leute in der Aufbauphase notwendig sind werden von vielen Instituten gerne weitergereicht. Bankinstitute versprechen sich zuk\u00fcnftige Kundschaft, wobei verschiedene Kreditvarianten n\u00fctzlich sind. In den jungen Jahren gilt es sich die eigene Zukunft m\u00f6glichst aufzubauen. Absicherungen, die im Krankheitsfall notwendig sind, geh\u00f6ren ebenso dazu wie eine gute Altersvorsorge oder ein Eigenheim. Der [&hellip;]<\/p>\n","protected":false},"author":2,"featured_media":0,"parent":1081,"menu_order":0,"comment_status":"closed","ping_status":"open","template":"templates\/sidebar-right.php","meta":{"footnotes":""},"class_list":["post-1001","page","type-page","status-publish","hentry"],"yoast_head":"<!-- This site is optimized with the Yoast SEO plugin v24.6 - https:\/\/yoast.com\/wordpress\/plugins\/seo\/ -->\n<title>Kredit f\u00fcr junge Leute - Jetzt vergleichen und beantragen<\/title>\n<meta name=\"description\" content=\"Kredit f\u00fcr junge Leute: Junge Leute ben\u00f6tigen f\u00fcr den Aufbau einer Existenz Geld, bekommen aber nur schlecht einen Kredit.\" \/>\n<meta name=\"robots\" content=\"index, follow, max-snippet:-1, max-image-preview:large, max-video-preview:-1\" \/>\n<link rel=\"canonical\" href=\"https:\/\/www.dr-staedtler.de\/sofort-kredit\/arten\/fuer-junge-leute\" \/>\n<meta property=\"og:locale\" content=\"de_DE\" \/>\n<meta property=\"og:type\" content=\"article\" \/>\n<meta property=\"og:title\" content=\"Kredit f\u00fcr junge Leute - Jetzt vergleichen und beantragen\" \/>\n<meta property=\"og:description\" content=\"Kredit f\u00fcr junge Leute: Junge Leute ben\u00f6tigen f\u00fcr den Aufbau einer Existenz Geld, bekommen aber nur schlecht einen Kredit.\" \/>\n<meta property=\"og:url\" content=\"https:\/\/www.dr-staedtler.de\/sofort-kredit\/arten\/fuer-junge-leute\" \/>\n<meta property=\"og:site_name\" content=\"Sofortkredit\" \/>\n<meta property=\"article:modified_time\" content=\"2017-02-14T13:50:52+00:00\" \/>\n<meta property=\"og:image\" content=\"https:\/\/l.neqty.net\/view.html?fq=MTM4OV8xNjE1N18yMTgyMQ==\" \/>\n<meta name=\"twitter:card\" content=\"summary_large_image\" \/>\n<meta name=\"twitter:label1\" content=\"Gesch\u00e4tzte Lesezeit\" \/>\n\t<meta name=\"twitter:data1\" content=\"2\u00a0Minuten\" \/>\n<script type=\"application\/ld+json\" class=\"yoast-schema-graph\">{\"@context\":\"https:\/\/schema.org\",\"@graph\":[{\"@type\":\"WebPage\",\"@id\":\"https:\/\/www.dr-staedtler.de\/sofort-kredit\/arten\/fuer-junge-leute\",\"url\":\"https:\/\/www.dr-staedtler.de\/sofort-kredit\/arten\/fuer-junge-leute\",\"name\":\"Kredit f\u00fcr junge Leute - Jetzt vergleichen und beantragen\",\"isPartOf\":{\"@id\":\"http:\/\/www.dr-staedtler.de\/sofort-kredit\/#website\"},\"primaryImageOfPage\":{\"@id\":\"https:\/\/www.dr-staedtler.de\/sofort-kredit\/arten\/fuer-junge-leute#primaryimage\"},\"image\":{\"@id\":\"https:\/\/www.dr-staedtler.de\/sofort-kredit\/arten\/fuer-junge-leute#primaryimage\"},\"thumbnailUrl\":\"https:\/\/l.neqty.net\/view.html?fq=MTM4OV8xNjE1N18yMTgyMQ==\",\"datePublished\":\"2012-08-30T14:47:35+00:00\",\"dateModified\":\"2017-02-14T13:50:52+00:00\",\"description\":\"Kredit f\u00fcr junge Leute: Junge Leute ben\u00f6tigen f\u00fcr den Aufbau einer Existenz Geld, bekommen aber nur schlecht einen Kredit.\",\"breadcrumb\":{\"@id\":\"https:\/\/www.dr-staedtler.de\/sofort-kredit\/arten\/fuer-junge-leute#breadcrumb\"},\"inLanguage\":\"de\",\"potentialAction\":[{\"@type\":\"ReadAction\",\"target\":[\"https:\/\/www.dr-staedtler.de\/sofort-kredit\/arten\/fuer-junge-leute\"]}]},{\"@type\":\"ImageObject\",\"inLanguage\":\"de\",\"@id\":\"https:\/\/www.dr-staedtler.de\/sofort-kredit\/arten\/fuer-junge-leute#primaryimage\",\"url\":\"https:\/\/l.neqty.net\/view.html?fq=MTM4OV8xNjE1N18yMTgyMQ==\",\"contentUrl\":\"https:\/\/l.neqty.net\/view.html?fq=MTM4OV8xNjE1N18yMTgyMQ==\"},{\"@type\":\"BreadcrumbList\",\"@id\":\"https:\/\/www.dr-staedtler.de\/sofort-kredit\/arten\/fuer-junge-leute#breadcrumb\",\"itemListElement\":[{\"@type\":\"ListItem\",\"position\":1,\"name\":\"Home\",\"item\":\"https:\/\/www.dr-staedtler.de\/sofort-kredit\/\"},{\"@type\":\"ListItem\",\"position\":2,\"name\":\"Diese verschiedenen Kreditarten und Verwendungszwecke gibt es\",\"item\":\"https:\/\/www.dr-staedtler.de\/sofort-kredit\/arten\"},{\"@type\":\"ListItem\",\"position\":3,\"name\":\"Kredit f\u00fcr junge Leute\"}]},{\"@type\":\"WebSite\",\"@id\":\"http:\/\/www.dr-staedtler.de\/sofort-kredit\/#website\",\"url\":\"http:\/\/www.dr-staedtler.de\/sofort-kredit\/\",\"name\":\"Sofortkredit\",\"description\":\"Der Sofortkredit im unabh\u00e4ngigen Vergleich\",\"potentialAction\":[{\"@type\":\"SearchAction\",\"target\":{\"@type\":\"EntryPoint\",\"urlTemplate\":\"http:\/\/www.dr-staedtler.de\/sofort-kredit\/?s={search_term_string}\"},\"query-input\":{\"@type\":\"PropertyValueSpecification\",\"valueRequired\":true,\"valueName\":\"search_term_string\"}}],\"inLanguage\":\"de\"}]}<\/script>\n<!-- \/ Yoast SEO plugin. -->","yoast_head_json":{"title":"Kredit f\u00fcr junge Leute - Jetzt vergleichen und beantragen","description":"Kredit f\u00fcr junge Leute: Junge Leute ben\u00f6tigen f\u00fcr den Aufbau einer Existenz Geld, bekommen aber nur schlecht einen Kredit.","robots":{"index":"index","follow":"follow","max-snippet":"max-snippet:-1","max-image-preview":"max-image-preview:large","max-video-preview":"max-video-preview:-1"},"canonical":"https:\/\/www.dr-staedtler.de\/sofort-kredit\/arten\/fuer-junge-leute","og_locale":"de_DE","og_type":"article","og_title":"Kredit f\u00fcr junge Leute - Jetzt vergleichen und beantragen","og_description":"Kredit f\u00fcr junge Leute: Junge Leute ben\u00f6tigen f\u00fcr den Aufbau einer Existenz Geld, bekommen aber nur schlecht einen Kredit.","og_url":"https:\/\/www.dr-staedtler.de\/sofort-kredit\/arten\/fuer-junge-leute","og_site_name":"Sofortkredit","article_modified_time":"2017-02-14T13:50:52+00:00","og_image":[{"url":"https:\/\/l.neqty.net\/view.html?fq=MTM4OV8xNjE1N18yMTgyMQ==","type":"","width":"","height":""}],"twitter_card":"summary_large_image","twitter_misc":{"Gesch\u00e4tzte Lesezeit":"2\u00a0Minuten"},"schema":{"@context":"https:\/\/schema.org","@graph":[{"@type":"WebPage","@id":"https:\/\/www.dr-staedtler.de\/sofort-kredit\/arten\/fuer-junge-leute","url":"https:\/\/www.dr-staedtler.de\/sofort-kredit\/arten\/fuer-junge-leute","name":"Kredit f\u00fcr junge Leute - Jetzt vergleichen und beantragen","isPartOf":{"@id":"http:\/\/www.dr-staedtler.de\/sofort-kredit\/#website"},"primaryImageOfPage":{"@id":"https:\/\/www.dr-staedtler.de\/sofort-kredit\/arten\/fuer-junge-leute#primaryimage"},"image":{"@id":"https:\/\/www.dr-staedtler.de\/sofort-kredit\/arten\/fuer-junge-leute#primaryimage"},"thumbnailUrl":"https:\/\/l.neqty.net\/view.html?fq=MTM4OV8xNjE1N18yMTgyMQ==","datePublished":"2012-08-30T14:47:35+00:00","dateModified":"2017-02-14T13:50:52+00:00","description":"Kredit f\u00fcr junge Leute: Junge Leute ben\u00f6tigen f\u00fcr den Aufbau einer Existenz Geld, bekommen aber nur schlecht einen Kredit.","breadcrumb":{"@id":"https:\/\/www.dr-staedtler.de\/sofort-kredit\/arten\/fuer-junge-leute#breadcrumb"},"inLanguage":"de","potentialAction":[{"@type":"ReadAction","target":["https:\/\/www.dr-staedtler.de\/sofort-kredit\/arten\/fuer-junge-leute"]}]},{"@type":"ImageObject","inLanguage":"de","@id":"https:\/\/www.dr-staedtler.de\/sofort-kredit\/arten\/fuer-junge-leute#primaryimage","url":"https:\/\/l.neqty.net\/view.html?fq=MTM4OV8xNjE1N18yMTgyMQ==","contentUrl":"https:\/\/l.neqty.net\/view.html?fq=MTM4OV8xNjE1N18yMTgyMQ=="},{"@type":"BreadcrumbList","@id":"https:\/\/www.dr-staedtler.de\/sofort-kredit\/arten\/fuer-junge-leute#breadcrumb","itemListElement":[{"@type":"ListItem","position":1,"name":"Home","item":"https:\/\/www.dr-staedtler.de\/sofort-kredit\/"},{"@type":"ListItem","position":2,"name":"Diese verschiedenen Kreditarten und Verwendungszwecke gibt es","item":"https:\/\/www.dr-staedtler.de\/sofort-kredit\/arten"},{"@type":"ListItem","position":3,"name":"Kredit f\u00fcr junge Leute"}]},{"@type":"WebSite","@id":"http:\/\/www.dr-staedtler.de\/sofort-kredit\/#website","url":"http:\/\/www.dr-staedtler.de\/sofort-kredit\/","name":"Sofortkredit","description":"Der Sofortkredit im unabh\u00e4ngigen Vergleich","potentialAction":[{"@type":"SearchAction","target":{"@type":"EntryPoint","urlTemplate":"http:\/\/www.dr-staedtler.de\/sofort-kredit\/?s={search_term_string}"},"query-input":{"@type":"PropertyValueSpecification","valueRequired":true,"valueName":"search_term_string"}}],"inLanguage":"de"}]}},"_links":{"self":[{"href":"http:\/\/www.dr-staedtler.de\/sofort-kredit\/wp-json\/wp\/v2\/pages\/1001","targetHints":{"allow":["GET"]}}],"collection":[{"href":"http:\/\/www.dr-staedtler.de\/sofort-kredit\/wp-json\/wp\/v2\/pages"}],"about":[{"href":"http:\/\/www.dr-staedtler.de\/sofort-kredit\/wp-json\/wp\/v2\/types\/page"}],"author":[{"embeddable":true,"href":"http:\/\/www.dr-staedtler.de\/sofort-kredit\/wp-json\/wp\/v2\/users\/2"}],"replies":[{"embeddable":true,"href":"http:\/\/www.dr-staedtler.de\/sofort-kredit\/wp-json\/wp\/v2\/comments?post=1001"}],"version-history":[{"count":2,"href":"http:\/\/www.dr-staedtler.de\/sofort-kredit\/wp-json\/wp\/v2\/pages\/1001\/revisions"}],"predecessor-version":[{"id":2437,"href":"http:\/\/www.dr-staedtler.de\/sofort-kredit\/wp-json\/wp\/v2\/pages\/1001\/revisions\/2437"}],"up":[{"embeddable":true,"href":"http:\/\/www.dr-staedtler.de\/sofort-kredit\/wp-json\/wp\/v2\/pages\/1081"}],"wp:attachment":[{"href":"http:\/\/www.dr-staedtler.de\/sofort-kredit\/wp-json\/wp\/v2\/media?parent=1001"}],"curies":[{"name":"wp","href":"https:\/\/api.w.org\/{rel}","templated":true}]}}